{"id":268,"date":"2025-01-06T16:19:50","date_gmt":"2025-01-06T15:19:50","guid":{"rendered":"https:\/\/innocall.eu\/?page_id=268"},"modified":"2025-01-06T16:25:52","modified_gmt":"2025-01-06T15:25:52","slug":"cgv-cgr","status":"publish","type":"page","link":"https:\/\/innocall.eu\/?page_id=268","title":{"rendered":"CGV\/CGR"},"content":{"rendered":"\t\t<div data-elementor-type=\"wp-page\" data-elementor-id=\"268\" class=\"elementor elementor-268\" data-elementor-post-type=\"page\">\n\t\t\t\t\t\t<section class=\"elementor-section elementor-top-section elementor-element elementor-element-e03d416 elementor-section-boxed elementor-section-height-default elementor-section-height-default\" data-id=\"e03d416\" data-element_type=\"section\">\n\t\t\t\t\t\t<div class=\"elementor-container elementor-column-gap-default\">\n\t\t\t\t\t<div class=\"elementor-column elementor-col-100 elementor-top-column elementor-element elementor-element-20a35fb\" data-id=\"20a35fb\" data-element_type=\"column\">\n\t\t\t<div class=\"elementor-widget-wrap elementor-element-populated\">\n\t\t\t\t\t\t<div class=\"elementor-element elementor-element-6cbf026 elementor-widget elementor-widget-spacer\" data-id=\"6cbf026\" data-element_type=\"widget\" data-widget_type=\"spacer.default\">\n\t\t\t\t<div class=\"elementor-widget-container\">\n\t\t\t\t\t\t\t<div class=\"elementor-spacer\">\n\t\t\t<div class=\"elementor-spacer-inner\"><\/div>\n\t\t<\/div>\n\t\t\t\t\t\t<\/div>\n\t\t\t\t<\/div>\n\t\t\t\t<div class=\"elementor-element elementor-element-41b94ee elementor-widget elementor-widget-heading\" data-id=\"41b94ee\" data-element_type=\"widget\" data-widget_type=\"heading.default\">\n\t\t\t\t<div class=\"elementor-widget-container\">\n\t\t\t\t\t<h2 class=\"elementor-heading-title elementor-size-default\">CGV\/ CGR<\/h2>\t\t\t\t<\/div>\n\t\t\t\t<\/div>\n\t\t\t\t<div class=\"elementor-element elementor-element-136e323 elementor-widget elementor-widget-heading\" data-id=\"136e323\" data-element_type=\"widget\" data-widget_type=\"heading.default\">\n\t\t\t\t<div class=\"elementor-widget-container\">\n\t\t\t\t\t<h3 class=\"elementor-heading-title elementor-size-default\">Objet : Nos conditions g\u00e9n\u00e9rales de vente (CGV)\n<\/h3>\t\t\t\t<\/div>\n\t\t\t\t<\/div>\n\t\t\t\t<div class=\"elementor-element elementor-element-1ea76d5 elementor-widget elementor-widget-text-editor\" data-id=\"1ea76d5\" data-element_type=\"widget\" data-widget_type=\"text-editor.default\">\n\t\t\t\t<div class=\"elementor-widget-container\">\n\t\t\t\t\t\t\t\t\t<p>Les pr\u00e9sentes CGV d\u00e9finissent les relations contractuelles entre la soci\u00e9t\u00e9 INNOCALL et nos clients. Elles s&#8217;appliquent \u00e0 toutes les prestations ou ventes entre vous, \u00ab client \u00bb, et INNOCALL<\/p>\t\t\t\t\t\t\t\t<\/div>\n\t\t\t\t<\/div>\n\t\t\t\t<div class=\"elementor-element elementor-element-aa62ded elementor-widget elementor-widget-heading\" data-id=\"aa62ded\" data-element_type=\"widget\" data-widget_type=\"heading.default\">\n\t\t\t\t<div class=\"elementor-widget-container\">\n\t\t\t\t\t<h3 class=\"elementor-heading-title elementor-size-default\">Prestation Services\n<\/h3>\t\t\t\t<\/div>\n\t\t\t\t<\/div>\n\t\t\t\t<div class=\"elementor-element elementor-element-c6b2559 elementor-widget elementor-widget-text-editor\" data-id=\"c6b2559\" data-element_type=\"widget\" data-widget_type=\"text-editor.default\">\n\t\t\t\t<div class=\"elementor-widget-container\">\n\t\t\t\t\t\t\t\t\t<p>La soci\u00e9t\u00e9 Mobile INNOCALL est sp\u00e9cialis\u00e9e dans la r\u00e9paration de t\u00e9l\u00e9phones portables et tablettes. Notre \u00e9quipe poss\u00e8de l&#8217;exp\u00e9rience et la formation n\u00e9cessaires pour r\u00e9aliser les r\u00e9parations.<\/p>\t\t\t\t\t\t\t\t<\/div>\n\t\t\t\t<\/div>\n\t\t\t\t<div class=\"elementor-element elementor-element-735f99f elementor-widget elementor-widget-heading\" data-id=\"735f99f\" data-element_type=\"widget\" data-widget_type=\"heading.default\">\n\t\t\t\t<div class=\"elementor-widget-container\">\n\t\t\t\t\t<h3 class=\"elementor-heading-title elementor-size-default\">Dur\u00e9e de la r\u00e9paration\n<\/h3>\t\t\t\t<\/div>\n\t\t\t\t<\/div>\n\t\t\t\t<div class=\"elementor-element elementor-element-d80ae9d elementor-widget elementor-widget-text-editor\" data-id=\"d80ae9d\" data-element_type=\"widget\" data-widget_type=\"text-editor.default\">\n\t\t\t\t<div class=\"elementor-widget-container\">\n\t\t\t\t\t\t\t\t\t<p>En moyenne, la r\u00e9paration prend 1 heure dans notre atelier. Le processus total, incluant le transport, prend environ 72 heures. Ce d\u00e9lai peut varier en fonction de la complexit\u00e9 des r\u00e9parations.<\/p>\t\t\t\t\t\t\t\t<\/div>\n\t\t\t\t<\/div>\n\t\t\t\t<div class=\"elementor-element elementor-element-9f68591 elementor-widget elementor-widget-heading\" data-id=\"9f68591\" data-element_type=\"widget\" data-widget_type=\"heading.default\">\n\t\t\t\t<div class=\"elementor-widget-container\">\n\t\t\t\t\t<h3 class=\"elementor-heading-title elementor-size-default\">Obligations du client\n<\/h3>\t\t\t\t<\/div>\n\t\t\t\t<\/div>\n\t\t\t\t<div class=\"elementor-element elementor-element-3e6f4ee elementor-widget elementor-widget-text-editor\" data-id=\"3e6f4ee\" data-element_type=\"widget\" data-widget_type=\"text-editor.default\">\n\t\t\t\t<div class=\"elementor-widget-container\">\n\t\t\t\t\t\t\t\t\t<p>Le client est tenu de sauvegarder ses donn\u00e9es avant l&#8217;envoi de l&#8217;appareil. INNOCALL ne peut \u00eatre tenu responsable en cas de perte de donn\u00e9es.<\/p>\t\t\t\t\t\t\t\t<\/div>\n\t\t\t\t<\/div>\n\t\t\t\t<div class=\"elementor-element elementor-element-a19fdc9 elementor-widget elementor-widget-heading\" data-id=\"a19fdc9\" data-element_type=\"widget\" data-widget_type=\"heading.default\">\n\t\t\t\t<div class=\"elementor-widget-container\">\n\t\t\t\t\t<h3 class=\"elementor-heading-title elementor-size-default\">Devis<\/h3>\t\t\t\t<\/div>\n\t\t\t\t<\/div>\n\t\t\t\t<div class=\"elementor-element elementor-element-0b00924 elementor-widget elementor-widget-text-editor\" data-id=\"0b00924\" data-element_type=\"widget\" data-widget_type=\"text-editor.default\">\n\t\t\t\t<div class=\"elementor-widget-container\">\n\t\t\t\t\t\t\t\t\t<p>INNOCALL propose des devis gratuits en ligne. Si d&#8217;autres pannes sont constat\u00e9es lors de la r\u00e9paration, le devis sera mis \u00e0 jour et soumis \u00e0 l&#8217;approbation du client.<\/p>\t\t\t\t\t\t\t\t<\/div>\n\t\t\t\t<\/div>\n\t\t\t\t<div class=\"elementor-element elementor-element-e8d13e5 elementor-widget elementor-widget-heading\" data-id=\"e8d13e5\" data-element_type=\"widget\" data-widget_type=\"heading.default\">\n\t\t\t\t<div class=\"elementor-widget-container\">\n\t\t\t\t\t<h3 class=\"elementor-heading-title elementor-size-default\">R\u00e9ception de l'appareil\n<\/h3>\t\t\t\t<\/div>\n\t\t\t\t<\/div>\n\t\t\t\t<div class=\"elementor-element elementor-element-f6a6389 elementor-widget elementor-widget-text-editor\" data-id=\"f6a6389\" data-element_type=\"widget\" data-widget_type=\"text-editor.default\">\n\t\t\t\t<div class=\"elementor-widget-container\">\n\t\t\t\t\t\t\t\t\t<p>\u00c0 la r\u00e9ception, un diagnostic complet est r\u00e9alis\u00e9 avec le logiciel NSYS. Si la r\u00e9paration est impossible, 30 \u20ac seront retenus, le reste sera rembours\u00e9 dans les 15 jours.<\/p>\t\t\t\t\t\t\t\t<\/div>\n\t\t\t\t<\/div>\n\t\t\t\t<div class=\"elementor-element elementor-element-5a75f00 elementor-widget elementor-widget-heading\" data-id=\"5a75f00\" data-element_type=\"widget\" data-widget_type=\"heading.default\">\n\t\t\t\t<div class=\"elementor-widget-container\">\n\t\t\t\t\t<h3 class=\"elementor-heading-title elementor-size-default\">Produits\n<\/h3>\t\t\t\t<\/div>\n\t\t\t\t<\/div>\n\t\t\t\t<div class=\"elementor-element elementor-element-3743ab5 elementor-widget elementor-widget-text-editor\" data-id=\"3743ab5\" data-element_type=\"widget\" data-widget_type=\"text-editor.default\">\n\t\t\t\t<div class=\"elementor-widget-container\">\n\t\t\t\t\t\t\t\t\t<p>Les accessoires (protections, chargeurs) sont neufs et garantis 2 ans pour les articles de charge. Les coques et protections ne sont ni reprises ni \u00e9chang\u00e9es une fois utilis\u00e9es.<\/p>\t\t\t\t\t\t\t\t<\/div>\n\t\t\t\t<\/div>\n\t\t\t\t<div class=\"elementor-element elementor-element-ab213dd elementor-widget elementor-widget-heading\" data-id=\"ab213dd\" data-element_type=\"widget\" data-widget_type=\"heading.default\">\n\t\t\t\t<div class=\"elementor-widget-container\">\n\t\t\t\t\t<h3 class=\"elementor-heading-title elementor-size-default\">Transport<\/h3>\t\t\t\t<\/div>\n\t\t\t\t<\/div>\n\t\t\t\t<div class=\"elementor-element elementor-element-8cabd1c elementor-widget elementor-widget-text-editor\" data-id=\"8cabd1c\" data-element_type=\"widget\" data-widget_type=\"text-editor.default\">\n\t\t\t\t<div class=\"elementor-widget-container\">\n\t\t\t\t\t\t\t\t\t<p>Les colis sont assur\u00e9s par Chronopost. En cas de perte, Inno remplace l&#8217;appareil. Le transport prend g\u00e9n\u00e9ralement 24 \u00e0 48 heures.<\/p>\t\t\t\t\t\t\t\t<\/div>\n\t\t\t\t<\/div>\n\t\t\t\t<div class=\"elementor-element elementor-element-086096f elementor-widget elementor-widget-heading\" data-id=\"086096f\" data-element_type=\"widget\" data-widget_type=\"heading.default\">\n\t\t\t\t<div class=\"elementor-widget-container\">\n\t\t\t\t\t<h3 class=\"elementor-heading-title elementor-size-default\">Prix<\/h3>\t\t\t\t<\/div>\n\t\t\t\t<\/div>\n\t\t\t\t<div class=\"elementor-element elementor-element-c48abe9 elementor-widget elementor-widget-text-editor\" data-id=\"c48abe9\" data-element_type=\"widget\" data-widget_type=\"text-editor.default\">\n\t\t\t\t<div class=\"elementor-widget-container\">\n\t\t\t\t\t\t\t\t\t<p>Tous les prix incluent les taxes et l&#8217;\u00e9cotaxe.<\/p>\t\t\t\t\t\t\t\t<\/div>\n\t\t\t\t<\/div>\n\t\t\t\t<div class=\"elementor-element elementor-element-b8efafc elementor-widget elementor-widget-heading\" data-id=\"b8efafc\" data-element_type=\"widget\" data-widget_type=\"heading.default\">\n\t\t\t\t<div class=\"elementor-widget-container\">\n\t\t\t\t\t<h3 class=\"elementor-heading-title elementor-size-default\">Contact<\/h3>\t\t\t\t<\/div>\n\t\t\t\t<\/div>\n\t\t\t\t<div class=\"elementor-element elementor-element-14a8e41 elementor-widget elementor-widget-text-editor\" data-id=\"14a8e41\" data-element_type=\"widget\" data-widget_type=\"text-editor.default\">\n\t\t\t\t<div class=\"elementor-widget-container\">\n\t\t\t\t\t\t\t\t\t<p>Pour toute question, contactez-nous par mail via l\u2019onglet &#8220;contact&#8221; ou par t\u00e9l\u00e9phone au 06 77 95 35 60. Nous r\u00e9pondons dans un d\u00e9lai maximum de 72 heures<\/p>\t\t\t\t\t\t\t\t<\/div>\n\t\t\t\t<\/div>\n\t\t\t\t<div class=\"elementor-element elementor-element-b5ac1b6 elementor-widget elementor-widget-heading\" data-id=\"b5ac1b6\" data-element_type=\"widget\" data-widget_type=\"heading.default\">\n\t\t\t\t<div class=\"elementor-widget-container\">\n\t\t\t\t\t<h3 class=\"elementor-heading-title elementor-size-default\">Garanties<\/h3>\t\t\t\t<\/div>\n\t\t\t\t<\/div>\n\t\t\t\t<div class=\"elementor-element elementor-element-8cc81f9 elementor-widget elementor-widget-text-editor\" data-id=\"8cc81f9\" data-element_type=\"widget\" data-widget_type=\"text-editor.default\">\n\t\t\t\t<div class=\"elementor-widget-container\">\n\t\t\t\t\t\t\t\t\t<p>Les r\u00e9parations sont garanties \u00e0 vie pour les \u00e9crans, vitres arri\u00e8re, cam\u00e9ras, et connecteurs de charge. Les batteries sont garanties 6 mois. Nous ne garantissons pas l&#8217;\u00e9tanch\u00e9it\u00e9 apr\u00e8s r\u00e9paration.<\/p>\t\t\t\t\t\t\t\t<\/div>\n\t\t\t\t<\/div>\n\t\t\t\t<div class=\"elementor-element elementor-element-9dc2f8d elementor-widget elementor-widget-heading\" data-id=\"9dc2f8d\" data-element_type=\"widget\" data-widget_type=\"heading.default\">\n\t\t\t\t<div class=\"elementor-widget-container\">\n\t\t\t\t\t<h3 class=\"elementor-heading-title elementor-size-default\">T\u00e9l\u00e9phone : 06 77 95 35 60<\/h3>\t\t\t\t<\/div>\n\t\t\t\t<\/div>\n\t\t\t\t<div class=\"elementor-element elementor-element-5d44000 elementor-widget elementor-widget-heading\" data-id=\"5d44000\" data-element_type=\"widget\" data-widget_type=\"heading.default\">\n\t\t\t\t<div class=\"elementor-widget-container\">\n\t\t\t\t\t<h3 class=\"elementor-heading-title elementor-size-default\">Mail : innocall75@gmail.com<\/h3>\t\t\t\t<\/div>\n\t\t\t\t<\/div>\n\t\t\t\t\t<\/div>\n\t\t<\/div>\n\t\t\t\t\t<\/div>\n\t\t<\/section>\n\t\t\t\t<\/div>\n\t\t","protected":false},"excerpt":{"rendered":"<p>CGV\/ CGR Objet : Nos conditions g\u00e9n\u00e9rales de vente (CGV) Les pr\u00e9sentes CGV d\u00e9finissent les relations contractuelles entre la soci\u00e9t\u00e9 INNOCALL et nos clients. Elles s&#8217;appliquent \u00e0 toutes les prestations ou ventes entre vous, \u00ab client \u00bb, et INNOCALL Prestation Services La soci\u00e9t\u00e9 Mobile INNOCALL est sp\u00e9cialis\u00e9e dans la r\u00e9paration de t\u00e9l\u00e9phones portables et tablettes. [&hellip;]<\/p>\n","protected":false},"author":1,"featured_media":0,"parent":0,"menu_order":0,"comment_status":"closed","ping_status":"closed","template":"","meta":{"footnotes":""},"class_list":["post-268","page","type-page","status-publish","hentry"],"_links":{"self":[{"href":"https:\/\/innocall.eu\/index.php?rest_route=\/wp\/v2\/pages\/268","targetHints":{"allow":["GET"]}}],"collection":[{"href":"https:\/\/innocall.eu\/index.php?rest_route=\/wp\/v2\/pages"}],"about":[{"href":"https:\/\/innocall.eu\/index.php?rest_route=\/wp\/v2\/types\/page"}],"author":[{"embeddable":true,"href":"https:\/\/innocall.eu\/index.php?rest_route=\/wp\/v2\/users\/1"}],"replies":[{"embeddable":true,"href":"https:\/\/innocall.eu\/index.php?rest_route=%2Fwp%2Fv2%2Fcomments&post=268"}],"version-history":[{"count":7,"href":"https:\/\/innocall.eu\/index.php?rest_route=\/wp\/v2\/pages\/268\/revisions"}],"predecessor-version":[{"id":276,"href":"https:\/\/innocall.eu\/index.php?rest_route=\/wp\/v2\/pages\/268\/revisions\/276"}],"wp:attachment":[{"href":"https:\/\/innocall.eu\/index.php?rest_route=%2Fwp%2Fv2%2Fmedia&parent=268"}],"curies":[{"name":"wp","href":"https:\/\/api.w.org\/{rel}","templated":true}]}}