{"id":298,"date":"2025-01-06T18:17:41","date_gmt":"2025-01-06T17:17:41","guid":{"rendered":"https:\/\/innocall.eu\/?page_id=298"},"modified":"2025-01-26T15:52:51","modified_gmt":"2025-01-26T14:52:51","slug":"recyclage","status":"publish","type":"page","link":"https:\/\/innocall.eu\/?page_id=298","title":{"rendered":"RECYCLAGE"},"content":{"rendered":"\t\t<div data-elementor-type=\"wp-page\" data-elementor-id=\"298\" class=\"elementor elementor-298\" data-elementor-post-type=\"page\">\n\t\t\t\t\t\t<section class=\"elementor-section elementor-top-section elementor-element elementor-element-f798a92 elementor-section-boxed elementor-section-height-default elementor-section-height-default\" data-id=\"f798a92\" data-element_type=\"section\">\n\t\t\t\t\t\t<div class=\"elementor-container elementor-column-gap-default\">\n\t\t\t\t\t<div class=\"elementor-column elementor-col-100 elementor-top-column elementor-element elementor-element-c736232\" data-id=\"c736232\" data-element_type=\"column\">\n\t\t\t<div class=\"elementor-widget-wrap elementor-element-populated\">\n\t\t\t\t\t\t<div class=\"elementor-element elementor-element-4b54a7c elementor-widget elementor-widget-heading\" data-id=\"4b54a7c\" data-element_type=\"widget\" data-widget_type=\"heading.default\">\n\t\t\t\t<div class=\"elementor-widget-container\">\n\t\t\t\t\t<h2 class=\"elementor-heading-title elementor-size-default\">Recyclage<\/h2>\t\t\t\t<\/div>\n\t\t\t\t<\/div>\n\t\t\t\t<div class=\"elementor-element elementor-element-e62b2a9 elementor-widget elementor-widget-text-editor\" data-id=\"e62b2a9\" data-element_type=\"widget\" data-widget_type=\"text-editor.default\">\n\t\t\t\t<div class=\"elementor-widget-container\">\n\t\t\t\t\t\t\t\t\t<p>Chez <strong>INNOCALL<\/strong>, nous nous engageons \u00e0 prolonger la dur\u00e9e de vie de vos appareils \u00e9lectroniques gr\u00e2ce \u00e0 des r\u00e9parations de qualit\u00e9.<br \/>Voici quelques conseils essentiels pour garantir un usage optimal, un bon entretien et un recyclage responsable de vos \u00e9quipements :<\/p>\t\t\t\t\t\t\t\t<\/div>\n\t\t\t\t<\/div>\n\t\t\t\t<div class=\"elementor-element elementor-element-eb9d877 elementor-widget elementor-widget-heading\" data-id=\"eb9d877\" data-element_type=\"widget\" data-widget_type=\"heading.default\">\n\t\t\t\t<div class=\"elementor-widget-container\">\n\t\t\t\t\t<h3 class=\"elementor-heading-title elementor-size-default\">Bon Usage de Votre Appareil\n<\/h3>\t\t\t\t<\/div>\n\t\t\t\t<\/div>\n\t\t\t\t<div class=\"elementor-element elementor-element-74e92ca elementor-widget elementor-widget-text-editor\" data-id=\"74e92ca\" data-element_type=\"widget\" data-widget_type=\"text-editor.default\">\n\t\t\t\t<div class=\"elementor-widget-container\">\n\t\t\t\t\t\t\t\t\t<ul><li><strong>Utilisation Appropri\u00e9e<\/strong>\u00a0: Utilisez votre appareil conform\u00e9ment aux recommandations du fabricant. \u00c9vitez de surcharger votre appareil avec des applications ou des t\u00e2ches qui d\u00e9passent ses capacit\u00e9s.<\/li><li><strong>Temp\u00e9rature de fonctionnement<\/strong>\u00a0: Ne laissez pas votre appareil en plein soleil ou dans des endroits trop chauds. \u00c9vitez \u00e9galement les temp\u00e9ratures extr\u00eames et l&#8217;exposition prolong\u00e9e au froid.<\/li><li><strong>Connexion et D\u00e9connexion<\/strong>\u00a0: Branchez et d\u00e9branchez les c\u00e2bles avec soin pour \u00e9viter d&#8217;endommager les ports. Assurez-vous que les connecteurs sont correctement ins\u00e9r\u00e9s avant d\u2019utiliser l\u2019appareil.<\/li><\/ul>\t\t\t\t\t\t\t\t<\/div>\n\t\t\t\t<\/div>\n\t\t\t\t<div class=\"elementor-element elementor-element-ef382aa elementor-widget elementor-widget-heading\" data-id=\"ef382aa\" data-element_type=\"widget\" data-widget_type=\"heading.default\">\n\t\t\t\t<div class=\"elementor-widget-container\">\n\t\t\t\t\t<h3 class=\"elementor-heading-title elementor-size-default\">Entretien R\u00e9gulier\n<\/h3>\t\t\t\t<\/div>\n\t\t\t\t<\/div>\n\t\t\t\t<div class=\"elementor-element elementor-element-472f527 elementor-widget elementor-widget-text-editor\" data-id=\"472f527\" data-element_type=\"widget\" data-widget_type=\"text-editor.default\">\n\t\t\t\t<div class=\"elementor-widget-container\">\n\t\t\t\t\t\t\t\t\t<ul><li><strong>Prot\u00e9gez votre appareil<\/strong>\u00a0: \u00c9vitez les chutes et les impacts. Utilisez une housse ou une coque de protection pour r\u00e9duire les risques de dommages physiques.<\/li><li><strong>G\u00e9rez la Batterie<\/strong>\u00a0: Ne laissez pas la batterie se d\u00e9charger compl\u00e8tement avant de la recharger. Utilisez uniquement des chargeurs et des accessoires recommand\u00e9s par le fabricant.<\/li><li><strong>Nettoyez r\u00e9guli\u00e8rement<\/strong>\u00a0: D\u00e9poussi\u00e9rez et nettoyez les ports et les \u00e9crans de votre appareil avec des outils appropri\u00e9s. \u00c9vitez les produits chimiques agressifs et utilisez des lingettes sp\u00e9cialement con\u00e7ues pour l&#8217;\u00e9lectronique.<\/li><li><strong>\u00c9vitez l\u2019Humidit\u00e9<\/strong>\u00a0: Gardez votre appareil \u00e0 l\u2019abri de l&#8217;eau et de l&#8217;humidit\u00e9. Ne l&#8217;utilisez pas dans des environnements tr\u00e8s humides ou mouill\u00e9s.<\/li><\/ul>\t\t\t\t\t\t\t\t<\/div>\n\t\t\t\t<\/div>\n\t\t\t\t<div class=\"elementor-element elementor-element-49f4347 elementor-widget elementor-widget-heading\" data-id=\"49f4347\" data-element_type=\"widget\" data-widget_type=\"heading.default\">\n\t\t\t\t<div class=\"elementor-widget-container\">\n\t\t\t\t\t<h3 class=\"elementor-heading-title elementor-size-default\">Recyclage Responsable\n<\/h3>\t\t\t\t<\/div>\n\t\t\t\t<\/div>\n\t\t\t\t<div class=\"elementor-element elementor-element-e2f86a1 elementor-widget elementor-widget-text-editor\" data-id=\"e2f86a1\" data-element_type=\"widget\" data-widget_type=\"text-editor.default\">\n\t\t\t\t<div class=\"elementor-widget-container\">\n\t\t\t\t\t\t\t\t\t<ul><li><strong>Options de recyclage<\/strong>\u00a0: Nous vous encourageons \u00e0 recycler vos appareils en fin de vie aupr\u00e8s de centres de recyclage certifi\u00e9s.<\/li><li><strong>Programmes de Reprise<\/strong>\u00a0: Nous avons des partenariats avec des programmes de reprise qui permettent de recycler vos appareils de mani\u00e8re responsable. Pour plus d\u2019informations, contactez-nous directement.<\/li><li><strong>Conseils de Recyclage<\/strong>\u00a0: Avant de recycler vos appareils, assurez-vous d\u2019effacer toutes les donn\u00e9es personnelles.<\/li><\/ul><h3>\u00a0<\/h3>\t\t\t\t\t\t\t\t<\/div>\n\t\t\t\t<\/div>\n\t\t\t\t<div class=\"elementor-element elementor-element-aa11038 elementor-widget elementor-widget-heading\" data-id=\"aa11038\" data-element_type=\"widget\" data-widget_type=\"heading.default\">\n\t\t\t\t<div class=\"elementor-widget-container\">\n\t\t\t\t\t<h3 class=\"elementor-heading-title elementor-size-default\">Nos engagements<\/h3>\t\t\t\t<\/div>\n\t\t\t\t<\/div>\n\t\t\t\t<div class=\"elementor-element elementor-element-70c6b19 elementor-widget elementor-widget-text-editor\" data-id=\"70c6b19\" data-element_type=\"widget\" data-widget_type=\"text-editor.default\">\n\t\t\t\t<div class=\"elementor-widget-container\">\n\t\t\t\t\t\t\t\t\t<ul><li style=\"scroll-margin-top: var(--fixed-header-height);\"><span style=\"scroll-margin-top: var(--fixed-header-height); font-weight: bold; margin-bottom: 0px;\">Information Continue<\/span>\u00a0: Nous mettons \u00e0 jour r\u00e9guli\u00e8rement nos conseils d\u2019entretien, d\u2019usage et de recyclage pour vous offrir les meilleures recommandations.<\/li><li style=\"scroll-margin-top: var(--fixed-header-height); margin-bottom: 0px;\"><span style=\"scroll-margin-top: var(--fixed-header-height); font-weight: bold; margin-bottom: 0px;\">Formation de notre personnel<\/span>\u00a0: Notre \u00e9quipe est form\u00e9e pour vous fournir des conseils utiles et des informations sur l\u2019utilisation optimale, l\u2019entretien de vos appareils et le recyclage.<\/li><\/ul>\t\t\t\t\t\t\t\t<\/div>\n\t\t\t\t<\/div>\n\t\t\t\t<div class=\"elementor-element elementor-element-3bf018f elementor-widget elementor-widget-text-editor\" data-id=\"3bf018f\" data-element_type=\"widget\" data-widget_type=\"text-editor.default\">\n\t\t\t\t<div class=\"elementor-widget-container\">\n\t\t\t\t\t\t\t\t\t<p>Pour toute question ou pour plus d\u2019informations, n\u2019h\u00e9sitez pas \u00e0 nous contacter. Nous sommes l\u00e0 pour vous aider \u00e0 maintenir vos appareils en excellent \u00e9tat et \u00e0 contribuer \u00e0 la protection de notre plan\u00e8te.<\/p>\t\t\t\t\t\t\t\t<\/div>\n\t\t\t\t<\/div>\n\t\t\t\t<div class=\"elementor-element elementor-element-ee02f66 elementor-widget elementor-widget-spacer\" data-id=\"ee02f66\" data-element_type=\"widget\" data-widget_type=\"spacer.default\">\n\t\t\t\t<div class=\"elementor-widget-container\">\n\t\t\t\t\t\t\t<div class=\"elementor-spacer\">\n\t\t\t<div class=\"elementor-spacer-inner\"><\/div>\n\t\t<\/div>\n\t\t\t\t\t\t<\/div>\n\t\t\t\t<\/div>\n\t\t\t\t\t<\/div>\n\t\t<\/div>\n\t\t\t\t\t<\/div>\n\t\t<\/section>\n\t\t\t\t<\/div>\n\t\t","protected":false},"excerpt":{"rendered":"<p>Recyclage Chez INNOCALL, nous nous engageons \u00e0 prolonger la dur\u00e9e de vie de vos appareils \u00e9lectroniques gr\u00e2ce \u00e0 des r\u00e9parations de qualit\u00e9.Voici quelques conseils essentiels pour garantir un usage optimal, un bon entretien et un recyclage responsable de vos \u00e9quipements : Bon Usage de Votre Appareil Utilisation Appropri\u00e9e\u00a0: Utilisez votre appareil conform\u00e9ment aux recommandations du [&hellip;]<\/p>\n","protected":false},"author":1,"featured_media":0,"parent":0,"menu_order":0,"comment_status":"closed","ping_status":"closed","template":"","meta":{"footnotes":""},"class_list":["post-298","page","type-page","status-publish","hentry"],"_links":{"self":[{"href":"https:\/\/innocall.eu\/index.php?rest_route=\/wp\/v2\/pages\/298","targetHints":{"allow":["GET"]}}],"collection":[{"href":"https:\/\/innocall.eu\/index.php?rest_route=\/wp\/v2\/pages"}],"about":[{"href":"https:\/\/innocall.eu\/index.php?rest_route=\/wp\/v2\/types\/page"}],"author":[{"embeddable":true,"href":"https:\/\/innocall.eu\/index.php?rest_route=\/wp\/v2\/users\/1"}],"replies":[{"embeddable":true,"href":"https:\/\/innocall.eu\/index.php?rest_route=%2Fwp%2Fv2%2Fcomments&post=298"}],"version-history":[{"count":7,"href":"https:\/\/innocall.eu\/index.php?rest_route=\/wp\/v2\/pages\/298\/revisions"}],"predecessor-version":[{"id":391,"href":"https:\/\/innocall.eu\/index.php?rest_route=\/wp\/v2\/pages\/298\/revisions\/391"}],"wp:attachment":[{"href":"https:\/\/innocall.eu\/index.php?rest_route=%2Fwp%2Fv2%2Fmedia&parent=298"}],"curies":[{"name":"wp","href":"https:\/\/api.w.org\/{rel}","templated":true}]}}